{"id":4519,"date":"2016-12-18T11:59:25","date_gmt":"2016-12-18T15:59:25","guid":{"rendered":"http:\/\/polinter.h2demo.com\/?page_id=4519"},"modified":"2021-12-03T13:12:04","modified_gmt":"2021-12-03T17:12:04","slug":"polietileno","status":"publish","type":"page","link":"https:\/\/venelene.com\/english\/polietileno\/","title":{"rendered":"Polietileno"},"content":{"rendered":"<p>Polietileno (PE) es un pol\u00edmero sintetizado principalmente a partir del etileno (mon\u00f3mero). Con la ayuda de catalizadores o iniciadores, presi\u00f3n y temperatura adecuadas en el medio de reacci\u00f3n, el etileno puede reaccionar entre s\u00ed para formar una cadena hidrocarbonada denominada Polietileno.<\/p>\n<p><img loading=\"lazy\" decoding=\"async\" class=\"aligncenter size-full wp-image-4520\" src=\"https:\/\/venelene.com\/english\/wp-content\/uploads\/2016\/12\/polietileno.gif\" alt=\"\" width=\"425\" height=\"210\"><\/p>\n<p>Los polietilenos manufacturados por POLINTER comercializados bajo la marca VENELENE<sup>\u00ae<\/sup>&nbsp;se sintetizan cumpliendo los est\u00e1ndares de la tecnolog\u00eda y un estricto control de calidad en todos los procesos que componen la cadena de producci\u00f3n, la cual se inicia con el etileno, la materia prima suministrada por Petroqu\u00edmica de Venezuela, S.A. (Pequiven).<\/p>\n<p>As\u00ed mismo, POLINTER ha sido acreedora del sello de calidad venezolano NORVEN en la producci\u00f3n de Polietilenos VENELENE<sup>\u00ae<\/sup>.<br \/>\n<span style=\"font-size: 18px;\"><strong><span class=\"texto1\"><br \/>\nClasificaci\u00f3n<\/span><\/strong><\/span><\/p>\n<p>Existen diferentes tipos de Polietilenos (PE) que se pueden clasificar de muchas formas. De acuerdo a la distribuci\u00f3n que se muestra a continuaci\u00f3n, los PE se pueden clasificar de acuerdo a su densidad, cuyo rango para el caso de las resinas Venelene<sup>\u00ae<\/sup> oscila entre 0,918 \u2013 0,966 g\/cm<sup>3<\/sup>.<\/p>\n<p><span class=\"texto\">Los valores inferiores dentro del rango anterior corresponden al Polietileno de Baja Densidad (PEBD) y al Polietileno Lineal de Baja Densidad (PELBD), mientras que los valores superiores dentro del rango pertenecen al Polietileno de Alta Densidad (PEAD). Por \u00faltimo, las densidades intermedias pertenecen al Polietileno de Media Densidad (PEMD).<\/span><\/p>\n<p><span style=\"font-size: 18px;\"><strong><span class=\"texto1\"><br \/>\nGrados de acuerdo a la clasificaci\u00f3n<br \/>\n<\/span><\/strong><\/span><span class=\"texto\"><br \/>\nLos polietilenos Venelene<sup>\u00ae<\/sup> son una familia de productos que abarcan polietilenos de baja densidad ramificados y lineales, polietilenos de media densidad y polietilenos de alta densidad ajustados a las necesidades del mercado y a requerimientos de procesabilidad, propiedades y desempe\u00f1o del producto final para las diferentes aplicaciones:<\/span><\/p>\n<ul>\n<li><a href=\"https:\/\/venelene.com\/english\/polietileno\/polietileno-de-alta-densidad-pead\/\">Polietileno de Alta Densidad (PEAD)<\/a><\/li>\n<li><a href=\"https:\/\/venelene.com\/english\/polietileno\/polietileno-de-baja-densidad-pebd\/\">Polietileno de Baja&nbsp;Densidad (PEBD)<\/a><\/li>\n<li><a href=\"https:\/\/venelene.com\/english\/polietileno\/polietileno-de-media-densidad-pemd\/\">Polietileno de Media&nbsp;Densidad (PEMD)<\/a><\/li>\n<li><a href=\"https:\/\/venelene.com\/english\/polietileno\/polietileno-lineal-de-baja-densidad-pelbd\/\">Polietileno Lineal de Baja&nbsp;Densidad (PELBD)<\/a><\/li>\n<\/ul>\n","protected":false},"excerpt":{"rendered":"<p>Polietileno (PE) es un pol\u00edmero sintetizado principalmente a partir del etileno (mon\u00f3mero). Con la ayuda de catalizadores o iniciadores, presi\u00f3n y temperatura adecuadas en el medio de reacci\u00f3n, el etileno puede reaccionar entre s\u00ed para formar una cadena hidrocarbonada denominada&hellip;<\/p>\n","protected":false},"author":1,"featured_media":0,"parent":0,"menu_order":0,"comment_status":"closed","ping_status":"closed","template":"","meta":{"_crdt_document":"","footnotes":""},"class_list":["post-4519","page","type-page","status-publish","hentry","entry"],"_links":{"self":[{"href":"https:\/\/venelene.com\/english\/wp-json\/wp\/v2\/pages\/4519","targetHints":{"allow":["GET"]}}],"collection":[{"href":"https:\/\/venelene.com\/english\/wp-json\/wp\/v2\/pages"}],"about":[{"href":"https:\/\/venelene.com\/english\/wp-json\/wp\/v2\/types\/page"}],"author":[{"embeddable":true,"href":"https:\/\/venelene.com\/english\/wp-json\/wp\/v2\/users\/1"}],"replies":[{"embeddable":true,"href":"https:\/\/venelene.com\/english\/wp-json\/wp\/v2\/comments?post=4519"}],"version-history":[{"count":10,"href":"https:\/\/venelene.com\/english\/wp-json\/wp\/v2\/pages\/4519\/revisions"}],"predecessor-version":[{"id":5733,"href":"https:\/\/venelene.com\/english\/wp-json\/wp\/v2\/pages\/4519\/revisions\/5733"}],"wp:attachment":[{"href":"https:\/\/venelene.com\/english\/wp-json\/wp\/v2\/media?parent=4519"}],"curies":[{"name":"wp","href":"https:\/\/api.w.org\/{rel}","templated":true}]}}