{"id":4728,"date":"2017-01-18T20:13:38","date_gmt":"2017-01-19T00:13:38","guid":{"rendered":"http:\/\/polinter.h2demo.com\/?page_id=4728"},"modified":"2022-04-06T09:16:18","modified_gmt":"2022-04-06T13:16:18","slug":"polietileno-de-baja-densidad-pebd","status":"publish","type":"page","link":"https:\/\/venelene.com\/english\/polietileno\/polietileno-de-baja-densidad-pebd\/","title":{"rendered":"Polietileno de Baja Densidad (PEBD)"},"content":{"rendered":"[vc_row][vc_column][vc_column_text]El <strong>Polietileno de Baja Densidad (PEBD)<\/strong> es una resina cuya estructura molecular muestra un contenido de ramificaciones cortas y largas, producto de su s\u00edntesis v\u00eda radicales libres. La caracter\u00edstica estructural esencial que determina la densidad final del PE es la presencia de estas ramificaciones, por lo que a mayor contenido, la densidad ser\u00e1 menor. El rango para PEBD es de 0,917-0,930 g\/cm<sup>3<\/sup>.<\/p>\n<p><a href=\"https:\/\/venelene.com\/english\/wp-content\/uploads\/2017\/01\/pebd.gif\"><img loading=\"lazy\" decoding=\"async\" class=\"aligncenter size-full wp-image-4729\" src=\"https:\/\/venelene.com\/english\/wp-content\/uploads\/2017\/01\/pebd.gif\" alt=\"\" width=\"459\" height=\"141\" \/><\/a><\/p>\n<p style=\"text-align: center;\"><span style=\"text-decoration: underline;\"><a href=\"https:\/\/venelene.com\/english\/blog\/productos-categorias\/baja-densidad\/\"><strong>Ver Productos &#8211;\u00a0Polietileno de Baja Densidad (PEBD)<\/strong><\/a><\/span><\/p>\n[\/vc_column_text][\/vc_column][\/vc_row]\n","protected":false},"excerpt":{"rendered":"<p>[vc_row][vc_column][vc_column_text]El Polietileno de Baja Densidad (PEBD) es una resina cuya estructura molecular muestra un contenido de ramificaciones cortas y largas, producto de su s\u00edntesis v\u00eda radicales libres. La caracter\u00edstica estructural esencial que determina la densidad final del PE es la&hellip;<\/p>\n","protected":false},"author":1,"featured_media":0,"parent":4519,"menu_order":0,"comment_status":"closed","ping_status":"closed","template":"","meta":{"_crdt_document":"","footnotes":""},"class_list":["post-4728","page","type-page","status-publish","hentry","entry"],"_links":{"self":[{"href":"https:\/\/venelene.com\/english\/wp-json\/wp\/v2\/pages\/4728","targetHints":{"allow":["GET"]}}],"collection":[{"href":"https:\/\/venelene.com\/english\/wp-json\/wp\/v2\/pages"}],"about":[{"href":"https:\/\/venelene.com\/english\/wp-json\/wp\/v2\/types\/page"}],"author":[{"embeddable":true,"href":"https:\/\/venelene.com\/english\/wp-json\/wp\/v2\/users\/1"}],"replies":[{"embeddable":true,"href":"https:\/\/venelene.com\/english\/wp-json\/wp\/v2\/comments?post=4728"}],"version-history":[{"count":7,"href":"https:\/\/venelene.com\/english\/wp-json\/wp\/v2\/pages\/4728\/revisions"}],"predecessor-version":[{"id":6808,"href":"https:\/\/venelene.com\/english\/wp-json\/wp\/v2\/pages\/4728\/revisions\/6808"}],"up":[{"embeddable":true,"href":"https:\/\/venelene.com\/english\/wp-json\/wp\/v2\/pages\/4519"}],"wp:attachment":[{"href":"https:\/\/venelene.com\/english\/wp-json\/wp\/v2\/media?parent=4728"}],"curies":[{"name":"wp","href":"https:\/\/api.w.org\/{rel}","templated":true}]}}