{"id":5668,"date":"2021-11-30T19:50:30","date_gmt":"2021-11-30T23:50:30","guid":{"rendered":"https:\/\/polinter.com.ve\/?page_id=5668"},"modified":"2021-12-01T10:33:46","modified_gmt":"2021-12-01T14:33:46","slug":"corporation","status":"publish","type":"page","link":"https:\/\/venelene.com\/english\/corporation\/","title":{"rendered":"Corporation"},"content":{"rendered":"[vc_row bg_style=\u00bbstretch\u00bb video_bg_overlay=\u00bbnone\u00bb css=\u00bb.vc_custom_1474839467990{margin-top: 20px !important;}\u00bb][vc_column][vc_tour interval=\u00bb0&#8243; style=\u00bbalternative-one\u00bb][vc_tab title=\u00bbMedio ambiente\u00bb tab_id=\u00bb1386262448836-5-1&#8243;][vc_column_text]<img loading=\"lazy\" decoding=\"async\" class=\"alignright size-medium\" src=\"https:\/\/venelene.com\/english\/imagenes\/fotos\/medio.jpg\" alt=\"\" width=\"240\" height=\"167\">La b\u00fasqueda constante de la excelencia en nuestras operaciones nos conduce al logro de procesos compatibles con la conservaci\u00f3n ambiental. En Polinter, nos esforzamos por mantener las mejores condiciones del ecosistema, de acuerdo con lo previsto en las regulaciones y leyes venezolanas o disposiciones gubernamentales.<\/p>\n<p>Un aspecto de vital importancia en la conservaci\u00f3n ambiental es el relacionado con el tratamiento de efluentes, motivo por el cual nuestros sistemas est\u00e1n en capacidad de efectuar el adecuado tratamiento de las aguas industriales producidas y descargadas por los procesos productivos. De esta forma, contribuimos y cumplimos con los requisitos establecidos por la Petroqu\u00edmica de Venezuela, S.A. (Pequiven) y con las normativas legales nacionales e internacionales.<\/p>\n<p>Durante la producci\u00f3n de los Polietilenos Venelene\u00ae, garantizamos que no exista generaci\u00f3n de emisiones t\u00f3xicas y la inocuidad de nuestros productos persiste durante los procesos de transformaci\u00f3n, utilizaci\u00f3n final, reciclaje e incineraci\u00f3n.<\/p>\n<p>De igual forma, en Polinter somos pioneros en la creaci\u00f3n de la Fundaci\u00f3n Venezolana de los Pl\u00e1sticos y el Ambiente (Funveplas), organizaci\u00f3n sin fines de lucro, promovida y constituida por las empresas del sector productor de resinas pl\u00e1sticas, cuya misi\u00f3n es la promoci\u00f3n y divulgaci\u00f3n de actividades cient\u00edficas, t\u00e9cnicas, educativas y culturales para afianzar el desarrollo de la industria del pl\u00e1stico de forma arm\u00f3nica con el medio ambiente y de acuerdo con las necesidades del pa\u00eds y el entorno internacional.[\/vc_column_text][\/vc_tab][vc_tab title=\u00bb\u00bfQui\u00e9nes Somos?\u00bb tab_id=\u00bb1386262353-1-65&#8243;][vc_column_text]<strong><a href=\"https:\/\/venelene.com\/english\/wp-content\/uploads\/2016\/09\/slide1.jpg\"><img loading=\"lazy\" decoding=\"async\" class=\"alignnone size-full wp-image-4301\" src=\"https:\/\/venelene.com\/english\/wp-content\/uploads\/2016\/09\/slide1.jpg\" alt=\"slide1\" width=\"640\" height=\"400\" srcset=\"https:\/\/venelene.com\/english\/wp-content\/uploads\/2016\/09\/slide1.jpg 640w, https:\/\/venelene.com\/english\/wp-content\/uploads\/2016\/09\/slide1-600x375.jpg 600w, https:\/\/venelene.com\/english\/wp-content\/uploads\/2016\/09\/slide1-300x188.jpg 300w\" sizes=\"auto, (max-width: 640px) 100vw, 640px\" \/><\/a><\/strong><\/p>\n<p><strong>Poliolefinas Internacionales, C.A. (Polinter)<\/strong>, es una empresa venezolana productora y comercializadora de Polietilenos de Alta, Media, Baja, Lineales de Baja Densidad y Mezclas de estas resinas, distribuidas bajo la marca registrada Venelene<sup>\u00ae<\/sup>.<\/p>\n<p>Venezuela, pa\u00eds rico en hidrocarburos, cuenta con el gas natural para la producci\u00f3n de Etileno, materia prima suministrada por Petroqu\u00edmica de Venezuela, S.A. (<a href=\"http:\/\/www.pequiven.com\/\" target=\"_blank\" rel=\"noopener noreferrer\">Pequiven<\/a>) e insumo fundamental en la elaboraci\u00f3n de los polietilenos Venelene<sup>\u00ae<\/sup>, requeridos para la fabricaci\u00f3n de diversos art\u00edculos pl\u00e1sticos que forman parte esencial de las actividades cotidianas de la vida moderna.[\/vc_column_text][\/vc_tab][vc_tab title=\u00bbMisi\u00f3n, Visi\u00f3n y Valores\u00bb tab_id=\u00bb1386262353-2-62&#8243;][vc_column_text]<span class=\"texto\"><strong><img loading=\"lazy\" decoding=\"async\" class=\"alignright size-medium\" src=\"https:\/\/venelene.com\/english\/imagenes\/fotos\/mvv.jpg\" alt=\"\" width=\"240\" height=\"359\"><span style=\"font-size: 18px;\">Nuestra Visi\u00f3n<\/span><br \/>\n<\/strong><br \/>\nPara el a\u00f1o 2036, Polinter ser\u00e1 l\u00edder en el mercado venezolano y estar\u00e1 posicionada entre los l\u00edderes en Latinoam\u00e9rica, en la producci\u00f3n y comercializaci\u00f3n de polietilenos y mezclas polim\u00e9ricas de alta calidad, contribuyendo a convertir a Venezuela en una potencia petroqu\u00edmica mundial e&nbsp;impulsar su desarrollo.<br \/>\n<\/span><\/p>\n<div align=\"left\">\n<p><span class=\"texto\"><span style=\"font-size: 18px;\"><strong>Nuestra Misi\u00f3n<br \/>\n<\/strong><\/span><br \/>\nProducir y comercializar de manera sustentable polietilenos y mezclas polim\u00e9ricas de alta calidad, para contribuir al \u00e9xito de nuestros clientes e &nbsp;impulsar el desarrollo de Venezuela.<br \/>\n<\/span><\/p>\n<p><span class=\"texto\" style=\"font-size: 18px;\"><strong>Nuestros Valores Organizacionales<\/strong><\/span><\/p>\n<div class=\"texto\">\n<p><span class=\"texto\"><strong>Excelencia<\/strong><br \/>\nEn POLINTER, buscamos de forma permanente lo extraordinariamente bueno, con el objetivo de alcanzar una calidad superior en el desarrollo de nuestras actividades. La excelencia nos impulsa a ser mejores cada d\u00eda; se encuentra en estrecha relaci\u00f3n con la perfecci\u00f3n y se expresa en las caracter\u00edsticas sobresalientes que ostentas nuestros productos y servicios, siendo el resultado del esfuerzo de un equipo humano motivado, comprometido, innovador y altamente calificado.<\/span><\/p>\n<p><strong>Seguridad<\/strong><br \/>\nEn POLINTER, la seguridad es una actitud que se traduce en el compromiso de nuestros trabajadores de internalizar la protecci\u00f3n personal y profesional, de acuerdo con las normas vigentes, en pro de velar por la salud, la integridad de las instalaciones y la preservaci\u00f3n del medio ambiente.<\/p>\n<p><strong>Compromiso<\/strong><br \/>\nEn POLINTER, asumimos como propios los objetivos de la empresa, y trabajamos con entusiasmo por la consecuci\u00f3n de los mismos. Nuestros esfuerzos se extienden hacia la comunidad, contribuyendo solidariamente a sastifacer las necesidades de nuestro entorno social.<\/p>\n<p><strong>Respeto<\/strong><br \/>\nEn POLINTER, tratamos a los dem\u00e1s como esperamos ser tratados. Reconocemos, aceptamos, apreciamos y valoramos altamente las cualidades, opiniones y derechos del pr\u00f3jimo.<\/p>\n<p><strong>Responsabilidad<\/strong><br \/>\nEn POLINTER, cumplimos eficientemente nuestras obligaciones y asumimos cabalmente las consecuencias de nuestras decisiones.<\/p>\n<p><strong>Honestidad<\/strong><br \/>\nEn POLINTER, actuamos apegados permanentemente a la verdad y a los principios morales y \u00e9ticos. Nos caracterizamos por se justos e incorruptibles.<\/p>\n<p align=\"center\"><a href=\"https:\/\/venelene.com\/english\/codigo-de-conducta-y-etica\/\"><strong>Ver nuestro C\u00f3digo de Conducta y \u00c9tica<\/strong><\/a><\/p>\n<\/div>\n<\/div>\n[\/vc_column_text][\/vc_tab][vc_tab title=\u00bbServicios\u00bb tab_id=\u00bb1386262432568-2-5&#8243;][vc_column_text]<span style=\"font-size: 18px;\"><strong>Asistencia T\u00e9cnica<\/strong><\/span><\/p>\n<p><a href=\"https:\/\/venelene.com\/english\/wp-content\/uploads\/2016\/09\/laboratorio.jpg\"><img loading=\"lazy\" decoding=\"async\" class=\"alignright size-medium wp-image-4670\" src=\"https:\/\/venelene.com\/english\/wp-content\/uploads\/2016\/09\/laboratorio-296x300.jpg\" alt=\"\" width=\"296\" height=\"300\" srcset=\"https:\/\/venelene.com\/english\/wp-content\/uploads\/2016\/09\/laboratorio-296x300.jpg 296w, https:\/\/venelene.com\/english\/wp-content\/uploads\/2016\/09\/laboratorio-100x100.jpg 100w, https:\/\/venelene.com\/english\/wp-content\/uploads\/2016\/09\/laboratorio.jpg 548w\" sizes=\"auto, (max-width: 296px) 100vw, 296px\" \/><\/a><\/p>\n<p>La Gerencia de Mercadeo de POLINTER, con el apoyo de Servicio T\u00e9cnico <a href=\"http:\/\/www.coramer.com\/\" target=\"_blank\" rel=\"noopener noreferrer\">Coramer<\/a> e Investigaci\u00f3n y Desarrollo, C.A., <a href=\"http:\/\/www.indesca.com\/\" target=\"_blank\" rel=\"noopener noreferrer\">Indesca<\/a>, ofrecemos a nuestros clientes asistencia t\u00e9cnica, an\u00e1lisis de laboratorio especializados, simulaci\u00f3n de procesos de transformaci\u00f3n y desarrollo de aplicaciones.<\/p>\n<p>Este esfuerzo conjunto tiene por finalidad optimizar el desempe\u00f1o de los Polietilenos Venelene<sup>\u00ae<\/sup>, tanto en sus procesos de transformaci\u00f3n, como en las propiedades de uso final de los art\u00edculos pl\u00e1sticos con ellos elaborados.<\/p>\n<p><span style=\"font-size: 18px;\"><strong>Ventas y Log\u00edstica de Despacho<\/strong><\/span><\/p>\n<p>En el \u00e1rea de ventas Polinter, a trav\u00e9s de su Agente Comercial Corporaci\u00f3n Americana de Resinas CORAMER, C.A., ofrece a sus clientes atenci\u00f3n directa y personalizada a sus necesidades.<\/p>\n<p>CORAMER tiene presencia en Venezuela y Colombia para brindar una atenci\u00f3n personalizada en la venta y log\u00edstica de despacho (Terrestre o Mar\u00edtima) para que el Polietileno Venelene<sup>\u00ae<\/sup> est\u00e9 a la disposici\u00f3n de los clientes de forma r\u00e1pida y eficiente.<\/p>\n<p><span style=\"font-size: 18px;\"><strong>Mercadeo e Innovaci\u00f3n de Productos<\/strong><\/span><\/p>\n<p>Polinter, a trav\u00e9s de su Gerencia de Mercadeo, conforma una alianza con sus clientes y colabora estrechamente con ellos para apoyarlos en sus desarrollos de nuevos productos y en la actualizaci\u00f3n de sus aplicaciones para satisfacer las necesidades y tendencias en la demanda del consumidor final.<\/p>\n<p>Dentro de sus responsabilidades, est\u00e1 interactuar con los diferentes Organismos Gubernamentales para impulsar est\u00e1ndares de normalizaci\u00f3n que promuevan el fortalecimiento y crecimiento de la industria pl\u00e1stica, as\u00ed como los diferentes entes relacionados para promover un mayor uso de productos pl\u00e1sticos.[\/vc_column_text][\/vc_tab][vc_tab title=\u00bbGesti\u00f3n Integral de Calidad\u00bb tab_id=\u00bb1386262448026-4-4&#8243;][vc_column_text]<img loading=\"lazy\" decoding=\"async\" class=\"alignright size-medium\" src=\"https:\/\/venelene.com\/english\/imagenes\/fotos\/calidad.jpg\" alt=\"\" width=\"240\" height=\"161\">Para garantizar que cada Polietileno Venelene\u00ae cumpla con las especificaciones t\u00e9cnicas requeridas, hemos implantado modernos sistemas de control de calidad en la producci\u00f3n, disponemos de laboratorios dotados de moderna tecnolog\u00eda y nuestro personal posee un alto nivel de formaci\u00f3n t\u00e9cnica y profesional que les permite velar por el cumplimiento de los m\u00e1s altos est\u00e1ndares de calidad de las materias primas y de nuestros productos.<\/p>\n<p>Resultado de la experiencia profesional y del mejoramiento continuo de los procesos, de los mecanismos de control y del mantenimiento de los equipos e instalaciones, hemos logrado que toda la organizaci\u00f3n genere productos y servicios de la m\u00e1s alta calidad para satisfacer las necesidades de nuestros clientes.<\/p>\n<p>El Sistema de Gesti\u00f3n de la Calidad en Polinter es certificada por Fondonorma, organismo miembro de IQNET (red de empresas certificadoras de mayor prestigio internacional), con la certificaci\u00f3n ISO 9001:2008 y con la marca venezolana de calidad Norven y Fondonorma en la producci\u00f3n de Polietilenos Venelene\u00ae.<\/p>\n<p style=\"text-align: center;\"><span style=\"color: #ff0000;\"><strong><a style=\"color: #ff0000;\" href=\"https:\/\/venelene.com\/english\/wp-content\/uploads\/2016\/09\/Politica-SGC.pdf\">Ver nuestra Pol\u00edtica de Calidad<\/a><\/strong><\/span><\/p>\n[\/vc_column_text][\/vc_tab][vc_tab title=\u00bbResponsabilidad Empresarial\u00bb tab_id=\u00bb1386262486501-6-7&#8243;][vc_column_text]<span class=\"texto\"><img loading=\"lazy\" decoding=\"async\" class=\"alignright size-medium\" src=\"https:\/\/venelene.com\/english\/imagenes\/fotos\/gobierno.jpg\" alt=\"\" width=\"240\" height=\"184\">En su actuaci\u00f3n, las personas tienen su propio patr\u00f3n de valores, por lo que cada trabajador en Polinter debe armonizar su comportamiento con los valores corporativos, el c\u00f3digo de conducta y \u00e9tica, los objetivos estrat\u00e9gicos, las normas internas y la legislaci\u00f3n aplicable.<\/span><\/p>\n<p>Todas las normas contenidas en el C\u00f3digo son de obligatorio cumplimiento para nuestros trabajadores as\u00ed como para quienes se encuentren desarrollando labores por un tiempo determinado o un trabajo espec\u00edfico.<\/p>\n<p>Los principios \u00e9ticos en los cuales se basa el C\u00f3digo de Conducta y \u00c9tica de Polinter son los valores de nuestra organizaci\u00f3n: respeto, lealtad, compromiso social, honestidad, humildad, responsabilidad, sentido de pertenencia, justicia social, igualdad, disciplina.<\/p>\n<div class=\"texto\">\n<p align=\"center\"><a href=\"https:\/\/venelene.com\/english\/codigo-de-conducta-y-etica\/\"><strong>Ver nuestro C\u00f3digo de Conducta y \u00c9tica<\/strong><\/a><\/p>\n<\/div>\n[\/vc_column_text][\/vc_tab][vc_tab title=\u00bbPolinter y su Entorno\u00bb tab_id=\u00bb1386262487795-8-1&#8243;][vc_column_text]La <strong>ASOCIACI\u00d3N CIVIL FONDO DE DESARROLLO SOCIAL DE POLINTER (FONDESPO)<\/strong>, es un fondo creado con la convicci\u00f3n de desarrollar diversos planes, programas y proyectos sociales para las comunidades organizadas en las \u00e1reas de salud, educaci\u00f3n, deporte, infraestructura, ambiente y sociopol\u00edtico, todo soportado por un equipo multidisciplinario comprometido, integrado por empresa, trabajadores, contratistas, proveedores,&nbsp;consejos&nbsp;comunales,&nbsp;comunas,&nbsp;cooperativas,&nbsp;empresas&nbsp;socialistas y entes del&nbsp;Gobierno&nbsp;Bolivariano, todos abocados a la misma tarea de lograr el bien com\u00fan, con aportes de Polinter, aporte voluntario de los&nbsp;Trabajadores, de los&nbsp;contratistas y&nbsp;proveedores, donde se promueven las labores sociales y el desarrollo de las comunidades de los Municipios Miranda y Maracaibo del Estado Zulia.<\/p>\n<p>Aportes de nuestro Fondo de Desarrollo Social a las comunidades organizadas:<\/p>\n<ul>\n<li>En materia de Salud.<\/li>\n<li>Contribuci\u00f3n con la Educaci\u00f3n.<\/li>\n<li>Apoyo al Deporte.<\/li>\n<li>Apoyo al Ambiente.<\/li>\n<li>Apoyo a las Comunas.<\/li>\n<li>Apoyo a los Consejos Comunales.<\/li>\n<li>Apoyo a las Comunidades Organizadas.<\/li>\n<li>Empresas de la Econom\u00eda Social (Cooperativas &#8211; Empresas Socialistas &#8211; Empresas Socio Productivas).<\/li>\n<li>Aportes Institucionales.<\/li>\n<li>Aportes en Infraestructura.<\/li>\n<\/ul>\n<p><span style=\"font-size: 16px;\"><strong>Programa Misi\u00f3n Alma M\u00e1ter<\/strong><\/span><\/p>\n<p>El programa Misi\u00f3n Alma M\u00e1ter en el Complejo Petroqu\u00edmico Ana Mar\u00eda Campos, llevados por el Ministerio del Poder Popular para la Educaci\u00f3n Universitaria y Poliolefinas Internacionales, C.A. Polinter, trabajan en armon\u00eda y sincronizaci\u00f3n, a trav\u00e9s de los Institutos Universitarios de Tecnolog\u00eda de Maracaibo y Cabimas.<\/p>\n<p>Inicialmente, se graduaron 84 ingenieros y 102 TSU en \u00e1reas de formaci\u00f3n medulares para la industria, tales como: procesos qu\u00edmicos, mantenimiento, instrumentaci\u00f3n y control, materiales industriales e higiene y seguridad laboral.<\/p>\n<p>Estas instituciones de educaci\u00f3n universitaria IUTM y IUTC, llevan la academia de la aldea universitaria, es decir, la funci\u00f3n docente, la planificaci\u00f3n de los trayectos, la gesti\u00f3n de los proyectos sociointegradores, y todo lo que implica su socializaci\u00f3n, el control de estudio y tambi\u00e9n la organizaci\u00f3n de los procesos de eventos de grado, mientras que la Corporaci\u00f3n Petroqu\u00edmica, en manos de Polinter, ejecuta gesti\u00f3n de intermediaci\u00f3n de la academia y facilita recursos econ\u00f3micos y log\u00edsticos, que se traduce en que la gesti\u00f3n del programa sea una verdadera acci\u00f3n exitosa de complementariedad interinstitucional.<\/p>\n<p>Durante muchos a\u00f1os se ha estado debatiendo el tema de la vinculaci\u00f3n que debe existir entre la universidad y el sector industrial, y es pues, aqu\u00ed la acci\u00f3n que ha roto ese paradigma, superando con humildad, entereza y esfuerzo entre las partes la desconfianza existente y consolidar as\u00ed el v\u00ednculo tan necesario y vital para mantenerse competitivos, tanto la universidad como la industria. Es que todo lo logrado y por lograr en el futuro obedece al compromiso total de la alta gerencia, de las partes involucradas, y sumado a esto, la gesti\u00f3n de la Gerencia de Recursos Humanos de Polinter, la cual ha dedicado un esfuerzo org\u00e1nico, perseverante y d\u00e1ndole un sentido pragm\u00e1tico a la decisi\u00f3n del ex-Presidente Hugo Ch\u00e1vez Fr\u00edas por Decreto presidencial 6.650, Gaceta 39.148, de fecha 27.03.2009 de acompa\u00f1ar a las instituciones en la transformaci\u00f3n universitaria en Venezuela, para de una vez por toda, hacer realidad este sue\u00f1o.[\/vc_column_text][\/vc_tab][\/vc_tour][\/vc_column][\/vc_row]\n","protected":false},"excerpt":{"rendered":"<p>[vc_row bg_style=\u00bbstretch\u00bb video_bg_overlay=\u00bbnone\u00bb css=\u00bb.vc_custom_1474839467990{margin-top: 20px !important;}\u00bb][vc_column][vc_tour interval=\u00bb0&#8243; style=\u00bbalternative-one\u00bb][vc_tab title=\u00bbMedio ambiente\u00bb tab_id=\u00bb1386262448836-5-1&#8243;][vc_column_text]La b\u00fasqueda constante de la excelencia en nuestras operaciones nos conduce al logro de procesos compatibles con la conservaci\u00f3n ambiental. En Polinter, nos esforzamos por mantener las mejores condiciones del&hellip;<\/p>\n","protected":false},"author":1,"featured_media":0,"parent":0,"menu_order":0,"comment_status":"closed","ping_status":"closed","template":"","meta":{"_crdt_document":"","footnotes":""},"class_list":["post-5668","page","type-page","status-publish","hentry","entry"],"_links":{"self":[{"href":"https:\/\/venelene.com\/english\/wp-json\/wp\/v2\/pages\/5668","targetHints":{"allow":["GET"]}}],"collection":[{"href":"https:\/\/venelene.com\/english\/wp-json\/wp\/v2\/pages"}],"about":[{"href":"https:\/\/venelene.com\/english\/wp-json\/wp\/v2\/types\/page"}],"author":[{"embeddable":true,"href":"https:\/\/venelene.com\/english\/wp-json\/wp\/v2\/users\/1"}],"replies":[{"embeddable":true,"href":"https:\/\/venelene.com\/english\/wp-json\/wp\/v2\/comments?post=5668"}],"version-history":[{"count":1,"href":"https:\/\/venelene.com\/english\/wp-json\/wp\/v2\/pages\/5668\/revisions"}],"predecessor-version":[{"id":5669,"href":"https:\/\/venelene.com\/english\/wp-json\/wp\/v2\/pages\/5668\/revisions\/5669"}],"wp:attachment":[{"href":"https:\/\/venelene.com\/english\/wp-json\/wp\/v2\/media?parent=5668"}],"curies":[{"name":"wp","href":"https:\/\/api.w.org\/{rel}","templated":true}]}}