{"id":7029,"date":"2022-06-09T09:38:13","date_gmt":"2022-06-09T13:38:13","guid":{"rendered":"https:\/\/polinter.com.ve\/membership-login\/password-reset\/"},"modified":"2024-03-05T13:43:30","modified_gmt":"2024-03-05T17:43:30","slug":"password-reset","status":"publish","type":"page","link":"https:\/\/venelene.com\/english\/membership-login\/password-reset\/","title":{"rendered":"Restablecer Contrase\u00f1a"},"content":{"rendered":"<div class=\"swpm-pw-reset-widget-form\">\n    <form id=\"swpm-pw-reset-form\" name=\"swpm-reset-form\" method=\"post\" action=\"\">\n        <div class=\"swpm-pw-reset-widget-inside\">\n            <div class=\"swpm-pw-reset-email swpm-margin-top-10\">\n                <label for=\"swpm_reset_email\" class=\"swpm_label swpm-pw-reset-email-label\">Direcci\u00f3n de correo electr\u00f3nico<\/label>\n            <\/div>\n            <div class=\"swpm-pw-reset-email-input swpm-margin-top-10\">\n                <input type=\"text\" name=\"swpm_reset_email\" class=\"swpm-text-field swpm-pw-reset-text\" id=\"swpm_reset_email\"  value=\"\" size=\"30\" \/>\n            <\/div>\n            <div class=\"swpm-before-login-submit-section\"><\/div>\n            <div class=\"swpm-pw-reset-submit-button\">\n                <input type=\"submit\" name=\"swpm-reset\" class=\"swpm-pw-reset-submit\" value=\"Restablecer la contrase\u00f1a\" \/>\n            <\/div>\n        <\/div>\n    <\/form>\n<\/div>\n<div class=\"swpm_pass_reset_processing_msg_section\">\n    <p id=\"swpm_pass_reset_processing_msg\" hidden=\"hidden\">\n        Procesando la solicitud para restablecer contrase\u00f1a...    <\/p>\n<\/div>\n<script>\n  document.getElementById(\"swpm-pw-reset-form\").addEventListener(\"submit\", function() {\n  let p = document.getElementById('swpm_pass_reset_processing_msg');\n    p.removeAttribute(\"hidden\");\n  });\n<\/script>\n\n","protected":false},"excerpt":{"rendered":"Direcci\u00f3n de correo electr\u00f3nico Procesando la solicitud para restablecer contrase\u00f1a... document.getElementById(\"swpm-pw-reset-form\").addEventListener(\"submit\", function() { let p = document.getElementById('swpm_pass_reset_processing_msg'); p.removeAttribute(\"hidden\"); });","protected":false},"author":1,"featured_media":0,"parent":7027,"menu_order":0,"comment_status":"closed","ping_status":"closed","template":"","meta":{"_crdt_document":"","footnotes":""},"class_list":["post-7029","page","type-page","status-publish","hentry","entry"],"_links":{"self":[{"href":"https:\/\/venelene.com\/english\/wp-json\/wp\/v2\/pages\/7029","targetHints":{"allow":["GET"]}}],"collection":[{"href":"https:\/\/venelene.com\/english\/wp-json\/wp\/v2\/pages"}],"about":[{"href":"https:\/\/venelene.com\/english\/wp-json\/wp\/v2\/types\/page"}],"author":[{"embeddable":true,"href":"https:\/\/venelene.com\/english\/wp-json\/wp\/v2\/users\/1"}],"replies":[{"embeddable":true,"href":"https:\/\/venelene.com\/english\/wp-json\/wp\/v2\/comments?post=7029"}],"version-history":[{"count":3,"href":"https:\/\/venelene.com\/english\/wp-json\/wp\/v2\/pages\/7029\/revisions"}],"predecessor-version":[{"id":7818,"href":"https:\/\/venelene.com\/english\/wp-json\/wp\/v2\/pages\/7029\/revisions\/7818"}],"up":[{"embeddable":true,"href":"https:\/\/venelene.com\/english\/wp-json\/wp\/v2\/pages\/7027"}],"wp:attachment":[{"href":"https:\/\/venelene.com\/english\/wp-json\/wp\/v2\/media?parent=7029"}],"curies":[{"name":"wp","href":"https:\/\/api.w.org\/{rel}","templated":true}]}}